{"id":21879,"date":"2024-11-09T22:16:23","date_gmt":"2024-11-10T01:16:23","guid":{"rendered":"https:\/\/parquesantahelena.com.br\/loja\/?post_type=product&#038;p=21879"},"modified":"2024-12-03T07:43:07","modified_gmt":"2024-12-03T10:43:07","slug":"melhor-idade-acima-60-anos-ingresso-entrada-do-parque","status":"publish","type":"product","link":"https:\/\/parquesantahelena.com.br\/loja\/produto\/melhor-idade-acima-60-anos-ingresso-entrada-do-parque\/","title":{"rendered":"Melhor idade (Acima 60 anos) &#8211; Ingresso Entrada do Parque"},"content":{"rendered":"<p>Ingresso de entrada do parque.<\/p>\n<p>Adquira tamb\u00e9m o\u00a0<strong>estacionamento<\/strong>\u00a0antecipado<\/p>\n","protected":false},"excerpt":{"rendered":"<p>Este ingresso permite a entrada no parque!<\/p>\n<p>O\u00a0\u00a0<strong>Ingresso de Entrada<\/strong>\u00a0\u00e9 obrigat\u00f3rio para voc\u00ea entrar no parque e utilizar das atividades do mesmo tais como: \u00c1rea de Piscinas, Pesque e solte (Pesca Esportiva), Red\u00e1rio, Namoradeiras, Slackline na Grama, Playgrounds de Eucalipto, Ponte Bamba no Lago, Falsa Baiana no Lago, Espa\u00e7o kids, Jogo Espiribol, \u00c1rea de descanso e Espa\u00e7o Fam\u00edlia.<\/p>\n<div class=\"row introducao-modal-htmlMemo\">\n<div class=\"col-md-12\">\n<div class=\"row descriptions-modal\">\n<div class=\"col-md-12 description-shopping\">\n<p><strong>Beneficio para idosos acima de 60 anos.<\/strong> *Brasileiros maiores de 60 anos: Documento oficial de identifica\u00e7\u00e3o com foto (f\u00edsico ou digital); Adquira tamb\u00e9m o\u00a0estacionamento\u00a0antecipado. Este ingresso permite a entrada no parque! O\u00a0\u00a0Ingresso de Entrada\u00a0\u00e9 obrigat\u00f3rio para voc\u00ea entrar no parque e utilizar das atividades do mesmo tais como: \u00c1rea de Piscinas, Pesque e solte (Pesca Esportiva), Red\u00e1rio, Namoradeiras, Slackline na Grama, Playgrounds de Eucalipto, Ponte Bamba no Lago, Falsa Baiana no Lago, Espa\u00e7o kids, Jogo Espiribol, \u00c1rea de descanso e Espa\u00e7o Fam\u00edlia. ATEN\u00c7\u00c3O: Para a pr\u00e1tica do Pesque e Solte, os equipamentos n\u00e3o est\u00e3o inclu\u00eddos nos valores de entrada de entrada ou Pulseira Vip, eles podem ser tragos de fora ou alugados em nossa loja localizada dentro do parque. N\u00c3O VENDEMOS\u00a0alimenta\u00e7\u00e3o nos nossos Ingressos de entrada e\/ou Ingresso + Pulseira Vip, a alimenta\u00e7\u00e3o \u00e9 vendida somente dentro do parque no dia da visita. Produtos e\/ou Servi\u00e7os Terceirizados\u00a0\u00a0N\u00c3O EST\u00c3O INCLUSOS NO INGRESSO DE ENTRADA OU NA PULSEIRA VIP . Crian\u00e7as de 4 anos e 11 meses ou menos n\u00e3o pagam o valor do ingresso\u00a0de\u00a0entrada , \u00e9 necess\u00e1rio apresentar um documento com foto ou certid\u00e3o de nascimento na recep\u00e7\u00e3o do parque!\u00a0Alimenta\u00e7\u00e3o, Atra\u00e7\u00f5es\/Pulseira Vip s\u00e3o pagas a parte!\u00a0Crian\u00e7as de 5 anos ou mais precisam adquirir o\u00a0Ingresso de Entrada\u00a0do parque.<\/p>\n<\/div>\n<\/div>\n<\/div>\n<\/div>\n<div class=\"row\"><\/div>\n<p>ATEN\u00c7\u00c3O:<\/p>\n<ul>\n<li>Para a pr\u00e1tica do Pesque e Solte, os equipamentos n\u00e3o est\u00e3o inclu\u00eddos nos valores de entrada de entrada ou Pulseira Vip, eles podem ser tragos de fora ou alugados em nossa loja localizada dentro do parque.<\/li>\n<li><strong>N\u00c3O VENDEMOS<\/strong>\u00a0alimenta\u00e7\u00e3o nos nossos Ingressos de entrada e\/ou Ingresso + Pulseira Vip, a alimenta\u00e7\u00e3o \u00e9 vendida somente dentro do parque no dia da visita.<\/li>\n<li>Produtos e\/ou Servi\u00e7os Terceirizados\u00a0\u00a0<strong><em>N\u00c3O EST\u00c3O INCLUSOS NO INGRESSO DE ENTRADA OU NA PULSEIRA VIP<\/em><\/strong> .<\/li>\n<li>Crian\u00e7as de 4 anos e 11 meses ou menos n\u00e3o pagam o valor do ingresso\u00a0<strong>de<\/strong>\u00a0entrada , \u00e9 necess\u00e1rio apresentar um documento com foto ou certid\u00e3o de nascimento na recep\u00e7\u00e3o do parque!\u00a0<strong><em>Alimenta\u00e7\u00e3o, Atra\u00e7\u00f5es\/Pulseira Vip s\u00e3o pagas a parte!\u00a0<\/em><\/strong>Crian\u00e7as de 5 anos ou mais precisam adquirir o\u00a0<strong>Ingresso de Entrada<\/strong>\u00a0do parque.<\/li>\n<\/ul>\n","protected":false},"featured_media":21900,"comment_status":"open","ping_status":"closed","template":"","meta":[],"product_cat":[39],"product_tag":[],"class_list":{"0":"post-21879","1":"product","2":"type-product","3":"status-publish","4":"has-post-thumbnail","6":"product_cat-ingressos-especiais","8":"first","9":"outofstock","10":"shipping-taxable","11":"product-type-variable"},"_links":{"self":[{"href":"https:\/\/parquesantahelena.com.br\/loja\/wp-json\/wp\/v2\/product\/21879","targetHints":{"allow":["GET"]}}],"collection":[{"href":"https:\/\/parquesantahelena.com.br\/loja\/wp-json\/wp\/v2\/product"}],"about":[{"href":"https:\/\/parquesantahelena.com.br\/loja\/wp-json\/wp\/v2\/types\/product"}],"replies":[{"embeddable":true,"href":"https:\/\/parquesantahelena.com.br\/loja\/wp-json\/wp\/v2\/comments?post=21879"}],"wp:featuredmedia":[{"embeddable":true,"href":"https:\/\/parquesantahelena.com.br\/loja\/wp-json\/wp\/v2\/media\/21900"}],"wp:attachment":[{"href":"https:\/\/parquesantahelena.com.br\/loja\/wp-json\/wp\/v2\/media?parent=21879"}],"wp:term":[{"taxonomy":"product_cat","embeddable":true,"href":"https:\/\/parquesantahelena.com.br\/loja\/wp-json\/wp\/v2\/product_cat?post=21879"},{"taxonomy":"product_tag","embeddable":true,"href":"https:\/\/parquesantahelena.com.br\/loja\/wp-json\/wp\/v2\/product_tag?post=21879"}],"curies":[{"name":"wp","href":"https:\/\/api.w.org\/{rel}","templated":true}]}}