{"id":21858,"date":"2024-11-09T22:10:07","date_gmt":"2024-11-10T01:10:07","guid":{"rendered":"https:\/\/parquesantahelena.com.br\/loja\/?post_type=product&#038;p=21858"},"modified":"2024-12-03T07:42:06","modified_gmt":"2024-12-03T10:42:06","slug":"aniversariante-do-mes-ingresso-duplo","status":"publish","type":"product","link":"https:\/\/parquesantahelena.com.br\/loja\/produto\/aniversariante-do-mes-ingresso-duplo\/","title":{"rendered":"ANIVERSARIANTE DO M\u00caS &#8211; INGRESSO DUPLO"},"content":{"rendered":"<ol>\n<li>Ingresso de entrada do parque.<\/li>\n<\/ol>\n<p>Adquira tamb\u00e9m o\u00a0<strong>estacionamento<\/strong>\u00a0antecipado.<\/p>\n","protected":false},"excerpt":{"rendered":"<p>Este ingresso permite a entrada no parque!<\/p>\n<p>O\u00a0\u00a0<strong>Ingresso de Entrada<\/strong>\u00a0\u00e9 obrigat\u00f3rio para voc\u00ea entrar no parque e utilizar das atividades do mesmo tais como: \u00c1rea de Piscinas, Pesque e solte (Pesca Esportiva), Red\u00e1rio, Namoradeiras, Slackline na Grama, Playgrounds de Eucalipto, Ponte Bamba no Lago, Falsa Baiana no Lago, Espa\u00e7o kids, Jogo Espiribol, \u00c1rea de descanso e Espa\u00e7o Fam\u00edlia.<\/p>\n<p>ATEN\u00c7\u00c3O:<\/p>\n<ul>\n<li>Para a pr\u00e1tica do Pesque e Solte, os equipamentos n\u00e3o est\u00e3o inclu\u00eddos nos valores de entrada de entrada ou Pulseira Vip, eles podem ser tragos de fora ou alugados em nossa loja localizada dentro do parque.<\/li>\n<li><strong>N\u00c3O VENDEMOS<\/strong>\u00a0alimenta\u00e7\u00e3o nos nossos Ingressos de entrada e\/ou Ingresso + Pulseira Vip, a alimenta\u00e7\u00e3o \u00e9 vendida somente dentro do parque no dia da visita.<\/li>\n<li>Produtos e\/ou Servi\u00e7os Terceirizados\u00a0\u00a0<strong><em>N\u00c3O EST\u00c3O INCLUSOS NO INGRESSO DE ENTRADA OU NA PULSEIRA VIP<\/em><\/strong> .<\/li>\n<li>Crian\u00e7as de 4 anos e 11 meses ou menos n\u00e3o pagam o valor do ingresso\u00a0<strong>de<\/strong>\u00a0entrada , \u00e9 necess\u00e1rio apresentar um documento com foto ou certid\u00e3o de nascimento na recep\u00e7\u00e3o do parque!\u00a0<strong><em>Alimenta\u00e7\u00e3o, Atra\u00e7\u00f5es\/Pulseira Vip s\u00e3o pagas a parte!\u00a0<\/em><\/strong>Crian\u00e7as de 5 anos ou mais precisam adquirir o\u00a0<strong>Ingresso de Entrada<\/strong>\u00a0do parque.<\/li>\n<\/ul>\n<p><strong>M\u00caS DO ANIVERSARIANTE DE NOVEMBRO<\/strong> &#8211; Nasceu em NOVEMBRO voc\u00ea tem ingresso de entrada *GRATUITO* basta estar acompanhada de uma *PESSOA PAGANTE*, se liga nas regrinhas para participar da promo\u00e7\u00e3o. Ao comprar este produto, BASTA NO MOMENTO DO CADASTRO, ap\u00f3s preencher o e-mail, basta ir no campo: *INFORMA\u00c7\u00c3O ADICIONAL*, *NOTAS DO PEDIDO* e informar o nome da promo\u00e7\u00e3o *(ANIVERSARIANTE DO MES), inserir o nome completo junto com a data de nascimento* assim que finalizar a compra e realizar o pagamento, o cadastro na promo\u00e7\u00e3o estar\u00e1 ativo. No dia da visita \u00e9 s\u00f3 informar o *N\u00famero do pedido* e apresentar documento original com foto que comprove e aproveitar todos os benef\u00edcios do nosso Ingresso de entrada. Este ingresso promocional \u00e9 de utiliza\u00e7\u00e3o ilimitada em NOVEMBRO\/2024 em dias de parque aberto e respeitando as regras da promo\u00e7\u00e3o, n\u00e3o sendo poss\u00edvel reagendar para outro m\u00eas; V\u00e1lido tamb\u00e9m apenas para o dia selecionado no momento do agendamento n\u00e3o podendo reagendar uma nova data e perdendo o direito de participar novamente da promo\u00e7\u00e3o em casos de falta. A gratuidade ser\u00e1 liberada somente com a compra antecipada. N\u00c3O FAREMOS CADASTROS NO DIA DA VISITA! Essa promo\u00e7\u00e3o n\u00e3o se aplica para hospedagem e a crian\u00e7as menores de 5 anos, ou ingressos com algum tipo de desconto, v\u00e1lida somente para dayuse. O\u00a0\u00a0Ingresso de Entrada \u00e9 obrigat\u00f3rio para voc\u00ea entrar no parque e utilizar das atividades do mesmo tais como: \u00c1rea de Piscinas, Pesque e solte (Pesca Esportiva), Red\u00e1rio, Namoradeiras, Slackline na Grama, Playgrounds de Eucalipto, Ponte Bamba no Lago, Falsa Baiana no Lago, Espa\u00e7o kids, Jogo Espiribol, \u00c1rea de descanso e Espa\u00e7o Fam\u00edlia. ATEN\u00c7\u00c3O: Para a pr\u00e1tica do Pesque e Solte, os equipamentos n\u00e3o est\u00e3o inclu\u00eddos nos valores de entrada de entrada ou Pulseira Vip, eles podem ser tragos de fora ou alugados em nossa loja localizada dentro do parque. N\u00c3O VENDEMOS alimenta\u00e7\u00e3o nos nossos Ingressos de entrada e\/ou Ingresso + Pulseira Vip, a alimenta\u00e7\u00e3o \u00e9 vendida somente dentro do parque no dia da visita. Produtos e\/ou Servi\u00e7os Terceirizados\u00a0\u00a0N\u00c3O EST\u00c3O INCLUSOS NO INGRESSO DE ENTRADA OU NA PULSEIRA VIP . Crian\u00e7as de 4 anos e 11 meses ou menos n\u00e3o pagam o valor do ingresso de entrada , \u00e9 necess\u00e1rio apresentar um documento com foto ou certid\u00e3o de nascimento na recep\u00e7\u00e3o do parque! Alimenta\u00e7\u00e3o, Atra\u00e7\u00f5es\/Pulseira Vip s\u00e3o pagas a parte!<\/p>\n","protected":false},"featured_media":21878,"comment_status":"open","ping_status":"closed","template":"","meta":[],"product_cat":[37],"product_tag":[],"class_list":{"0":"post-21858","1":"product","2":"type-product","3":"status-publish","4":"has-post-thumbnail","6":"product_cat-combos-e-promocoes","8":"first","9":"outofstock","10":"shipping-taxable","11":"product-type-variable"},"_links":{"self":[{"href":"https:\/\/parquesantahelena.com.br\/loja\/wp-json\/wp\/v2\/product\/21858","targetHints":{"allow":["GET"]}}],"collection":[{"href":"https:\/\/parquesantahelena.com.br\/loja\/wp-json\/wp\/v2\/product"}],"about":[{"href":"https:\/\/parquesantahelena.com.br\/loja\/wp-json\/wp\/v2\/types\/product"}],"replies":[{"embeddable":true,"href":"https:\/\/parquesantahelena.com.br\/loja\/wp-json\/wp\/v2\/comments?post=21858"}],"wp:featuredmedia":[{"embeddable":true,"href":"https:\/\/parquesantahelena.com.br\/loja\/wp-json\/wp\/v2\/media\/21878"}],"wp:attachment":[{"href":"https:\/\/parquesantahelena.com.br\/loja\/wp-json\/wp\/v2\/media?parent=21858"}],"wp:term":[{"taxonomy":"product_cat","embeddable":true,"href":"https:\/\/parquesantahelena.com.br\/loja\/wp-json\/wp\/v2\/product_cat?post=21858"},{"taxonomy":"product_tag","embeddable":true,"href":"https:\/\/parquesantahelena.com.br\/loja\/wp-json\/wp\/v2\/product_tag?post=21858"}],"curies":[{"name":"wp","href":"https:\/\/api.w.org\/{rel}","templated":true}]}}