{"id":19453,"date":"2024-08-14T16:37:41","date_gmt":"2024-08-14T19:37:41","guid":{"rendered":"https:\/\/parquesantahelena.com.br\/loja\/?post_type=product&#038;p=19453"},"modified":"2025-04-10T01:40:40","modified_gmt":"2025-04-10T04:40:40","slug":"ngresso-de-entrada-pulseira-vip-atracoes-ilimitadas","status":"publish","type":"product","link":"https:\/\/parquesantahelena.com.br\/loja\/produto\/ngresso-de-entrada-pulseira-vip-atracoes-ilimitadas\/","title":{"rendered":"INGRESSO DE ENTRADA + PULSEIRA VIP (ATRA\u00c7\u00d5ES ILIMITADAS)"},"content":{"rendered":"<p>Acesso a todas as atividades incluindo as atra\u00e7\u00f5es\u00a0<strong><em>VIPS ILIMITADAMENTE<\/em><\/strong>\u00a0!<\/p>\n<p>Adquira tamb\u00e9m sua vaga no\u00a0<strong>estacionamento<\/strong> antecipadamente!00<\/p>\n","protected":false},"excerpt":{"rendered":"<p>Este ingresso permite a entrada no parque!<\/p>\n<p>O\u00a0<strong>Ingresso de Entrada<\/strong>\u00a0\u00e9 obrigat\u00f3rio adquirir para voc\u00ea entrar no parque e utilizar das atividades do mesmo tais como: \u00c1rea de Piscinas, Pesque e solte (Pesca Esportiva), Red\u00e1rio, Namoradeiras, Slackline na Grama, Playgrounds de Eucalipto, Ponte Bamba no Lago, Falsa Baiana no Lago, Espa\u00e7o kids, Jogo Espiribol , \u00c1rea de descanso e Espa\u00e7o Fam\u00edlia.<\/p>\n<p>Quem ama esportes e adrenalina n\u00e3o gosta de se sentir limitado n\u00e3o \u00e9?! Por isso criamos uma\u00a0<strong>Pulseira VIP<\/strong>\u00a0especial pra voc\u00ea curtir quantas vezes quiser cada uma das nossas\u00a0<strong><em>Atra\u00e7\u00f5es VIP<\/em><\/strong>.<\/p>\n<p>Adquira agora mesmo seu\u00a0<strong>Ingresso de entrada +<\/strong>\u00a0<strong>Pulseira VIP \u2013 Atra\u00e7\u00f5es Ilimitadas<\/strong>\u00a0e venha se divertir no complexo de lazer mais completo do ABC Paulista!<\/p>\n<p><strong><em>Quais s\u00e3o as nossas Atra\u00e7\u00f5es Vips?<\/em><\/strong><\/p>\n<ul>\n<li>Aero Jump<\/li>\n<li>Pedalinho<\/li>\n<li>Caiaque Individual e Duplo<\/li>\n<li>Stand up paddle<\/li>\n<li>Barco a remo<\/li>\n<\/ul>\n<p><strong><em>ATEN\u00c7\u00c3O:<\/em><\/strong><\/p>\n<ul>\n<li>Para a pr\u00e1tica do Pesque e Solte, equipamentos e iscas n\u00e3o est\u00e3o inclusos nos valores do ingresso de entrada ou Pulseira Vip, eles podem ser tragos de fora ou alugados em nossa loja localizada dentro do parque.<\/li>\n<li><strong>N\u00c3O VENDEMOS<\/strong>\u00a0alimenta\u00e7\u00e3o nos nossos Ingressos de entrada e\/ou Ingresso + Pulseira Vip, a alimenta\u00e7\u00e3o \u00e9 vendida somente dentro do parque no dia da visita.<\/li>\n<li>Produtos e\/ou Servi\u00e7os Terceirizados\u00a0\u00a0<strong><em>N\u00c3O EST\u00c3O INCLUSOS NO INGRESSO DE ENTRADA OU NA PULSEIRA VIP<\/em><\/strong><\/li>\n<li>Crian\u00e7as de 4 anos e 11 meses ou menos n\u00e3o pagam o valor do<strong>\u00a0Ingresso de Entrada<\/strong>, \u00e9 necess\u00e1rio apresentar um documento com foto ou certid\u00e3o de nascimento na recep\u00e7\u00e3o do parque!\u00a0<strong><em>Alimenta\u00e7\u00e3o, Atra\u00e7\u00f5es\/Pulseira Vip s\u00e3o pagas a parte!\u00a0<\/em><\/strong>Crian\u00e7as de 5 anos ou mais precisam adquirir o\u00a0<strong>Ingresso de Entrada<\/strong>\u00a0do parque.<\/li>\n<li>A Pulseira Vip \u00e9 de uso individual, para atra\u00e7\u00f5es feitas em grupo ou dupla,\u00a0<strong>todos precisam estar com a pulseira ou adquirir o ticket avulso<\/strong>\u00a0no ponto de venda localizado dentro do parque!<br \/>\nHOR\u00c1RIO DE FUNCIONAMENTO: DAS 10H \u00c1S 16H<\/li>\n<\/ul>\n<p>&nbsp;<\/p>\n","protected":false},"featured_media":20050,"comment_status":"open","ping_status":"closed","template":"","meta":[],"product_cat":[34],"product_tag":[],"class_list":{"0":"post-19453","1":"product","2":"type-product","3":"status-publish","4":"has-post-thumbnail","6":"product_cat-ingressos-de-entrada","8":"first","9":"outofstock","10":"shipping-taxable","11":"product-type-variable"},"_links":{"self":[{"href":"https:\/\/parquesantahelena.com.br\/loja\/wp-json\/wp\/v2\/product\/19453","targetHints":{"allow":["GET"]}}],"collection":[{"href":"https:\/\/parquesantahelena.com.br\/loja\/wp-json\/wp\/v2\/product"}],"about":[{"href":"https:\/\/parquesantahelena.com.br\/loja\/wp-json\/wp\/v2\/types\/product"}],"replies":[{"embeddable":true,"href":"https:\/\/parquesantahelena.com.br\/loja\/wp-json\/wp\/v2\/comments?post=19453"}],"wp:featuredmedia":[{"embeddable":true,"href":"https:\/\/parquesantahelena.com.br\/loja\/wp-json\/wp\/v2\/media\/20050"}],"wp:attachment":[{"href":"https:\/\/parquesantahelena.com.br\/loja\/wp-json\/wp\/v2\/media?parent=19453"}],"wp:term":[{"taxonomy":"product_cat","embeddable":true,"href":"https:\/\/parquesantahelena.com.br\/loja\/wp-json\/wp\/v2\/product_cat?post=19453"},{"taxonomy":"product_tag","embeddable":true,"href":"https:\/\/parquesantahelena.com.br\/loja\/wp-json\/wp\/v2\/product_tag?post=19453"}],"curies":[{"name":"wp","href":"https:\/\/api.w.org\/{rel}","templated":true}]}}